{"id":3107,"date":"2025-06-03T10:43:55","date_gmt":"2025-06-03T10:43:55","guid":{"rendered":"https:\/\/taigawise.fi\/ota-yhteytta\/"},"modified":"2026-02-24T09:47:55","modified_gmt":"2026-02-24T09:47:55","slug":"contact-us","status":"publish","type":"page","link":"https:\/\/taigawise.fi\/en\/contact-us\/","title":{"rendered":"Contact Us"},"content":{"rendered":"<style>.kb-row-layout-wrap.wp-block-kadence-rowlayout.kb-row-layout-id3107_bc8381-ad{margin-bottom:0px;}.kb-row-layout-id3107_bc8381-ad > .kt-row-column-wrap{align-content:start;}:where(.kb-row-layout-id3107_bc8381-ad > .kt-row-column-wrap) > .wp-block-kadence-column{justify-content:start;}.kb-row-layout-id3107_bc8381-ad > .kt-row-column-wrap{column-gap:var(--global-kb-gap-md, 2rem);row-gap:var(--global-kb-gap-md, 2rem);padding-top:var(--global-kb-spacing-xl, 4rem);padding-bottom:var(--global-kb-spacing-xl, 4rem);grid-template-columns:minmax(0, 1fr);}.kb-row-layout-id3107_bc8381-ad{background-image:url('https:\/\/taigawise.fi\/wp-content\/uploads\/2025\/06\/682b02bb2970b00264421c67_Taigawise_kuosi_verkkosivut_2rivia.svg');background-size:contain;background-position:center center;background-attachment:scroll;background-repeat:repeat-x;}.kb-row-layout-id3107_bc8381-ad > .kt-row-layout-overlay{opacity:0.30;}@media all and (max-width: 1024px){.kb-row-layout-id3107_bc8381-ad > .kt-row-column-wrap{grid-template-columns:minmax(0, 1fr);}}@media all and (max-width: 767px){.kb-row-layout-id3107_bc8381-ad > .kt-row-column-wrap{grid-template-columns:minmax(0, 1fr);}}<\/style><div class=\"kb-row-layout-wrap kb-row-layout-id3107_bc8381-ad alignfull kt-row-has-bg wp-block-kadence-rowlayout\"><div class=\"kt-row-column-wrap kt-has-1-columns kt-row-layout-equal kt-tab-layout-inherit kt-mobile-layout-row kt-row-valign-top\">\n<style>.kadence-column3107_77ee27-b3 > .kt-inside-inner-col,.kadence-column3107_77ee27-b3 > .kt-inside-inner-col:before{border-top-left-radius:0px;border-top-right-radius:0px;border-bottom-right-radius:0px;border-bottom-left-radius:0px;}.kadence-column3107_77ee27-b3 > .kt-inside-inner-col{column-gap:var(--global-kb-gap-sm, 1rem);}.kadence-column3107_77ee27-b3 > .kt-inside-inner-col{flex-direction:column;}.kadence-column3107_77ee27-b3 > .kt-inside-inner-col > .aligncenter{width:100%;}.kadence-column3107_77ee27-b3 > .kt-inside-inner-col:before{opacity:0.3;}.kadence-column3107_77ee27-b3{position:relative;}@media all and (max-width: 1024px){.kadence-column3107_77ee27-b3 > .kt-inside-inner-col{flex-direction:column;justify-content:center;}}@media all and (max-width: 767px){.kadence-column3107_77ee27-b3 > .kt-inside-inner-col{flex-direction:column;justify-content:center;}}<\/style>\n<div class=\"wp-block-kadence-column kadence-column3107_77ee27-b3\"><div class=\"kt-inside-inner-col\"><\/div><\/div>\n\n<\/div><\/div>\n\n<style>.kb-row-layout-wrap.wp-block-kadence-rowlayout.kb-row-layout-id3107_c5fa65-f1{margin-bottom:0px;}.kb-row-layout-id3107_c5fa65-f1 > .kt-row-column-wrap{align-content:start;}:where(.kb-row-layout-id3107_c5fa65-f1 > .kt-row-column-wrap) > .wp-block-kadence-column{justify-content:start;}.kb-row-layout-id3107_c5fa65-f1 > .kt-row-column-wrap{column-gap:var(--global-kb-gap-md, 2rem);row-gap:var(--global-kb-gap-md, 2rem);padding-top:var(--global-kb-spacing-lg, 3rem);padding-bottom:var(--global-kb-spacing-sm, 1.5rem);grid-template-columns:repeat(2, minmax(0, 1fr));}.kb-row-layout-id3107_c5fa65-f1 > .kt-row-layout-overlay{opacity:0.30;}@media all and (max-width: 1024px){.kb-row-layout-id3107_c5fa65-f1 > .kt-row-column-wrap{grid-template-columns:repeat(2, minmax(0, 1fr));}}@media all and (max-width: 767px){.kb-row-layout-id3107_c5fa65-f1 > .kt-row-column-wrap{grid-template-columns:minmax(0, 1fr);}}<\/style><div class=\"kb-row-layout-wrap kb-row-layout-id3107_c5fa65-f1 alignnone wp-block-kadence-rowlayout\"><div class=\"kt-row-column-wrap kt-has-2-columns kt-row-layout-equal kt-tab-layout-inherit kt-mobile-layout-row kt-row-valign-top\">\n<style>.kadence-column3107_124e2b-0b > .kt-inside-inner-col,.kadence-column3107_124e2b-0b > .kt-inside-inner-col:before{border-top-left-radius:0px;border-top-right-radius:0px;border-bottom-right-radius:0px;border-bottom-left-radius:0px;}.kadence-column3107_124e2b-0b > .kt-inside-inner-col{column-gap:var(--global-kb-gap-sm, 1rem);}.kadence-column3107_124e2b-0b > .kt-inside-inner-col{flex-direction:column;}.kadence-column3107_124e2b-0b > .kt-inside-inner-col > .aligncenter{width:100%;}.kadence-column3107_124e2b-0b > .kt-inside-inner-col:before{opacity:0.3;}.kadence-column3107_124e2b-0b{position:relative;}@media all and (max-width: 1024px){.kadence-column3107_124e2b-0b > .kt-inside-inner-col{flex-direction:column;justify-content:center;}}@media all and (max-width: 767px){.kadence-column3107_124e2b-0b > .kt-inside-inner-col{flex-direction:column;justify-content:center;}}<\/style>\n<div class=\"wp-block-kadence-column kadence-column3107_124e2b-0b\"><div class=\"kt-inside-inner-col\">\n<h1 class=\"wp-block-heading\" id=\"h-contact-us\">Contact Us<\/h1>\n\n\n\n<p class=\"has-medium-font-size\"><strong><em><strong>Sustainable business begins with us<\/strong><\/em><\/strong><\/p>\n\n\n<style>.wp-block-kadence-advancedbtn.kt-btns3107_907c00-d4, .site .entry-content .wp-block-kadence-advancedbtn.kt-btns3107_907c00-d4, .wp-block-kadence-advancedbtn.kb-btns3107_907c00-d4, .site .entry-content .wp-block-kadence-advancedbtn.kb-btns3107_907c00-d4{margin-top:var(--global-kb-spacing-lg, 3rem);}.wp-block-kadence-advancedbtn.kb-btns3107_907c00-d4{gap:var(--global-kb-gap-xs, 0.5rem );justify-content:flex-start;align-items:center;}.kt-btns3107_907c00-d4 .kt-button{font-weight:normal;font-style:normal;}.kt-btns3107_907c00-d4 .kt-btn-wrap-0{margin-right:5px;}.wp-block-kadence-advancedbtn.kt-btns3107_907c00-d4 .kt-btn-wrap-0 .kt-button{color:#555555;border-color:#555555;}.wp-block-kadence-advancedbtn.kt-btns3107_907c00-d4 .kt-btn-wrap-0 .kt-button:hover, .wp-block-kadence-advancedbtn.kt-btns3107_907c00-d4 .kt-btn-wrap-0 .kt-button:focus{color:#ffffff;border-color:#444444;}.wp-block-kadence-advancedbtn.kt-btns3107_907c00-d4 .kt-btn-wrap-0 .kt-button::before{display:none;}.wp-block-kadence-advancedbtn.kt-btns3107_907c00-d4 .kt-btn-wrap-0 .kt-button:hover, .wp-block-kadence-advancedbtn.kt-btns3107_907c00-d4 .kt-btn-wrap-0 .kt-button:focus{background:#444444;}<\/style>\n<div class=\"wp-block-kadence-advancedbtn kb-buttons-wrap kb-btns3107_907c00-d4\"><style>ul.menu .wp-block-kadence-advancedbtn .kb-btn3107_ac2714-f4.kb-button{width:initial;}.wp-block-kadence-advancedbtn .kb-btn3107_ac2714-f4.kb-button{color:var(--valkoinen);background:var(--tummanvihre);border-top-left-radius:50px;border-top-right-radius:50px;border-bottom-right-radius:50px;border-bottom-left-radius:50px;margin-bottom:var(--global-kb-spacing-sm, 1.5rem);}.wp-block-kadence-advancedbtn .kb-btn3107_ac2714-f4.kb-button:hover, .wp-block-kadence-advancedbtn .kb-btn3107_ac2714-f4.kb-button:focus{color:var(--tummanvihre);background:var(--valkoinen);border-top-left-radius:50px;border-top-right-radius:50px;border-bottom-right-radius:50px;border-bottom-left-radius:50px;}<\/style><a class=\"kb-button kt-button button kb-btn3107_ac2714-f4 kt-btn-size-standard kt-btn-width-type-auto kb-btn-global-fill  kt-btn-has-text-true kt-btn-has-svg-false  wp-block-kadence-singlebtn\" href=\"https:\/\/calendar.app.google\/xw9VdcJggW3hiBYF7\"><span class=\"kt-btn-inner-text\"><strong><strong>BOOK A FREE CONSULTATION<\/strong><\/strong><\/span><\/a><\/div>\n\n\n\n<p>Would you like to discuss how to get started with sustainability work or understand what corporate responsibility means for your organisation? You can book a time directly in the calendar of our lead expert, Hanna Liappis. Together, we can assess your situation and see how our sustainability services could support you!<\/p>\n\n\n<style>.wp-block-kadence-iconlist.kt-svg-icon-list-items3107_a17678-6f:not(.this-stops-third-party-issues){margin-top:0px;margin-bottom:0px;}.wp-block-kadence-iconlist.kt-svg-icon-list-items3107_a17678-6f ul.kt-svg-icon-list:not(.this-prevents-issues):not(.this-stops-third-party-issues):not(.tijsloc){margin-top:0px;margin-right:0px;margin-bottom:var(--global-kb-spacing-sm, 1.5rem);margin-left:0px;}.wp-block-kadence-iconlist.kt-svg-icon-list-items3107_a17678-6f ul.kt-svg-icon-list{grid-row-gap:5px;}.wp-block-kadence-iconlist.kt-svg-icon-list-items3107_a17678-6f .kb-svg-icon-wrap{font-size:20px;}.wp-block-kadence-iconlist.kt-svg-icon-list-items3107_a17678-6f ul.kt-svg-icon-list .kt-svg-icon-list-item-wrap .kt-svg-icon-list-single{margin-right:10px;}.kt-svg-icon-list-items3107_a17678-6f ul.kt-svg-icon-list .kt-svg-icon-list-level-0 .kt-svg-icon-list-single svg{font-size:20px;}<\/style>\n<div class=\"wp-block-kadence-iconlist kt-svg-icon-list-items kt-svg-icon-list-items3107_a17678-6f kt-svg-icon-list-columns-1 alignnone\"><ul class=\"kt-svg-icon-list\"><style>.kt-svg-icon-list-item-3107_8e6c38-e5 .kt-svg-icon-list-text mark.kt-highlight{background-color:unset;font-style:normal;color:#f76a0c;-webkit-box-decoration-break:clone;box-decoration-break:clone;padding-top:0px;padding-right:0px;padding-bottom:0px;padding-left:0px;}<\/style>\n<li class=\"wp-block-kadence-listitem kt-svg-icon-list-item-wrap kt-svg-icon-list-item-3107_8e6c38-e5\"><span class=\"kb-svg-icon-wrap kb-svg-icon-fe_mail kt-svg-icon-list-single\"><svg viewBox=\"0 0 24 24\"  fill=\"none\" stroke=\"currentColor\" stroke-width=\"2\" stroke-linecap=\"round\" stroke-linejoin=\"round\" xmlns=\"http:\/\/www.w3.org\/2000\/svg\"  aria-hidden=\"true\"><path d=\"M4 4h16c1.1 0 2 .9 2 2v12c0 1.1-.9 2-2 2H4c-1.1 0-2-.9-2-2V6c0-1.1.9-2 2-2z\"\/><polyline points=\"22,6 12,13 2,6\"\/><\/svg><\/span><span class=\"kt-svg-icon-list-text\"><strong><a href=\"mailto:info@taigawise.fi\">info@taigawise.fi<\/a><\/strong><\/span><\/li>\n<\/ul><\/div>\n\n\n<style>.wp-block-kadence-iconlist.kt-svg-icon-list-items3107_876075-cc:not(.this-stops-third-party-issues){margin-top:0px;margin-bottom:0px;}.wp-block-kadence-iconlist.kt-svg-icon-list-items3107_876075-cc ul.kt-svg-icon-list:not(.this-prevents-issues):not(.this-stops-third-party-issues):not(.tijsloc){margin-top:0px;margin-right:0px;margin-bottom:var(--global-kb-spacing-sm, 1.5rem);margin-left:0px;}.wp-block-kadence-iconlist.kt-svg-icon-list-items3107_876075-cc ul.kt-svg-icon-list{grid-row-gap:5px;}.wp-block-kadence-iconlist.kt-svg-icon-list-items3107_876075-cc .kb-svg-icon-wrap{font-size:20px;}.wp-block-kadence-iconlist.kt-svg-icon-list-items3107_876075-cc ul.kt-svg-icon-list .kt-svg-icon-list-item-wrap .kt-svg-icon-list-single{margin-right:10px;}.kt-svg-icon-list-items3107_876075-cc ul.kt-svg-icon-list .kt-svg-icon-list-level-0 .kt-svg-icon-list-single svg{font-size:20px;}<\/style>\n<div class=\"wp-block-kadence-iconlist kt-svg-icon-list-items kt-svg-icon-list-items3107_876075-cc kt-svg-icon-list-columns-1 alignnone\"><ul class=\"kt-svg-icon-list\"><style>.kt-svg-icon-list-item-3107_db839c-42 .kt-svg-icon-list-text mark.kt-highlight{background-color:unset;font-style:normal;color:#f76a0c;-webkit-box-decoration-break:clone;box-decoration-break:clone;padding-top:0px;padding-right:0px;padding-bottom:0px;padding-left:0px;}<\/style>\n<li class=\"wp-block-kadence-listitem kt-svg-icon-list-item-wrap kt-svg-icon-list-item-3107_db839c-42\"><span class=\"kb-svg-icon-wrap kb-svg-icon-fe_phone kt-svg-icon-list-single\"><svg viewBox=\"0 0 24 24\"  fill=\"none\" stroke=\"currentColor\" stroke-width=\"2\" stroke-linecap=\"round\" stroke-linejoin=\"round\" xmlns=\"http:\/\/www.w3.org\/2000\/svg\"  aria-hidden=\"true\"><path d=\"M22 16.92v3a2 2 0 0 1-2.18 2 19.79 19.79 0 0 1-8.63-3.07 19.5 19.5 0 0 1-6-6 19.79 19.79 0 0 1-3.07-8.67A2 2 0 0 1 4.11 2h3a2 2 0 0 1 2 1.72 12.84 12.84 0 0 0 .7 2.81 2 2 0 0 1-.45 2.11L8.09 9.91a16 16 0 0 0 6 6l1.27-1.27a2 2 0 0 1 2.11-.45 12.84 12.84 0 0 0 2.81.7A2 2 0 0 1 22 16.92z\"\/><\/svg><\/span><span class=\"kt-svg-icon-list-text\"><strong><strong>+358 400 992 389<\/strong><\/strong><\/span><\/li>\n<\/ul><\/div>\n\n\n<style>.wp-block-kadence-iconlist.kt-svg-icon-list-items3107_317341-91:not(.this-stops-third-party-issues){margin-top:0px;margin-bottom:0px;}.wp-block-kadence-iconlist.kt-svg-icon-list-items3107_317341-91 ul.kt-svg-icon-list:not(.this-prevents-issues):not(.this-stops-third-party-issues):not(.tijsloc){margin-top:0px;margin-right:0px;margin-bottom:var(--global-kb-spacing-sm, 1.5rem);margin-left:0px;}.wp-block-kadence-iconlist.kt-svg-icon-list-items3107_317341-91 ul.kt-svg-icon-list{grid-row-gap:5px;}.wp-block-kadence-iconlist.kt-svg-icon-list-items3107_317341-91 .kb-svg-icon-wrap{font-size:20px;}.wp-block-kadence-iconlist.kt-svg-icon-list-items3107_317341-91 ul.kt-svg-icon-list .kt-svg-icon-list-item-wrap .kt-svg-icon-list-single{margin-right:10px;}.kt-svg-icon-list-items3107_317341-91 ul.kt-svg-icon-list .kt-svg-icon-list-level-0 .kt-svg-icon-list-single svg{font-size:20px;}<\/style>\n<div class=\"wp-block-kadence-iconlist kt-svg-icon-list-items kt-svg-icon-list-items3107_317341-91 kt-svg-icon-list-columns-1 alignnone\"><ul class=\"kt-svg-icon-list\"><style>.kt-svg-icon-list-item-3107_8d5d26-42 .kt-svg-icon-list-text mark.kt-highlight{background-color:unset;font-style:normal;color:#f76a0c;-webkit-box-decoration-break:clone;box-decoration-break:clone;padding-top:0px;padding-right:0px;padding-bottom:0px;padding-left:0px;}<\/style>\n<li class=\"wp-block-kadence-listitem kt-svg-icon-list-item-wrap kt-svg-icon-list-item-3107_8d5d26-42\"><span class=\"kb-svg-icon-wrap kb-svg-icon-fe_mapPin kt-svg-icon-list-single\"><svg viewBox=\"0 0 24 24\"  fill=\"none\" stroke=\"currentColor\" stroke-width=\"2\" stroke-linecap=\"round\" stroke-linejoin=\"round\" xmlns=\"http:\/\/www.w3.org\/2000\/svg\"  aria-hidden=\"true\"><path d=\"M21 10c0 7-9 13-9 13s-9-6-9-13a9 9 0 0 1 18 0z\"\/><circle cx=\"12\" cy=\"10\" r=\"3\"\/><\/svg><\/span><span class=\"kt-svg-icon-list-text\"><a href=\"https:\/\/www.google.com\/maps\/place\/Taigawise+Oy\/@60.164432,24.9381732,18.29z\/data=!4m6!3m5!1s0x7ccff8fb2c99acd:0x6852d2417d9d62e5!8m2!3d60.1647452!4d24.9376923!16s%2Fg%2F11s2rm0rw4?entry=ttu&amp;g_ep=EgoyMDI1MDgwNi4wIKXMDSoASAFQAw%3D%3D\" target=\"_blank\" rel=\"noreferrer noopener\"><strong><strong>Bulevardi 9i, 00120 Helsinki<\/strong><\/strong><\/a><strong><strong> <\/strong><\/strong>(by appointment)<\/span><\/li>\n<\/ul><\/div>\n\n\n\n<p><strong>Business ID:<br><\/strong>2242373-3<\/p>\n\n\n\n<p><strong>Billing<br><\/strong>E-invoice address: FI2617453000078933<br>Operator ID: NDEAFIHH<\/p>\n<\/div><\/div>\n\n\n<style>.kadence-column3107_24e807-8c > .kt-inside-inner-col,.kadence-column3107_24e807-8c > .kt-inside-inner-col:before{border-top-left-radius:0px;border-top-right-radius:0px;border-bottom-right-radius:0px;border-bottom-left-radius:0px;}.kadence-column3107_24e807-8c > .kt-inside-inner-col{column-gap:var(--global-kb-gap-sm, 1rem);}.kadence-column3107_24e807-8c > .kt-inside-inner-col{flex-direction:column;}.kadence-column3107_24e807-8c > .kt-inside-inner-col > .aligncenter{width:100%;}.kadence-column3107_24e807-8c > .kt-inside-inner-col:before{opacity:0.3;}.kadence-column3107_24e807-8c{position:relative;}@media all and (max-width: 1024px){.kadence-column3107_24e807-8c > .kt-inside-inner-col{flex-direction:column;justify-content:center;}}@media all and (max-width: 767px){.kadence-column3107_24e807-8c > .kt-inside-inner-col{flex-direction:column;justify-content:center;}}<\/style>\n<div class=\"wp-block-kadence-column kadence-column3107_24e807-8c\"><div class=\"kt-inside-inner-col\">\n<div class=\"wpcf7 no-js\" id=\"wpcf7-f3131-o1\" lang=\"en-US\" dir=\"ltr\" data-wpcf7-id=\"3131\">\n<div class=\"screen-reader-response\"><p role=\"status\" aria-live=\"polite\" aria-atomic=\"true\"><\/p> <ul><\/ul><\/div>\n<form action=\"\/en\/wp-json\/wp\/v2\/pages\/3107#wpcf7-f3131-o1\" method=\"post\" class=\"wpcf7-form init\" aria-label=\"Contact form\" novalidate=\"novalidate\" data-status=\"init\">\n<fieldset class=\"hidden-fields-container\"><input type=\"hidden\" name=\"_wpcf7\" value=\"3131\" \/><input type=\"hidden\" name=\"_wpcf7_version\" value=\"6.1.5\" \/><input type=\"hidden\" name=\"_wpcf7_locale\" value=\"en_US\" \/><input type=\"hidden\" name=\"_wpcf7_unit_tag\" value=\"wpcf7-f3131-o1\" \/><input type=\"hidden\" name=\"_wpcf7_container_post\" value=\"0\" \/><input type=\"hidden\" name=\"_wpcf7_posted_data_hash\" value=\"\" \/>\n<\/fieldset>\n<p><label> Name *<br \/>\n<span class=\"wpcf7-form-control-wrap\" data-name=\"your-name\"><input size=\"40\" maxlength=\"400\" class=\"wpcf7-form-control wpcf7-text wpcf7-validates-as-required\" autocomplete=\"name\" aria-required=\"true\" aria-invalid=\"false\" value=\"\" type=\"text\" name=\"your-name\" \/><\/span> <\/label>\n<\/p>\n<p><label> Email *<br \/>\n<span class=\"wpcf7-form-control-wrap\" data-name=\"your-email\"><input size=\"40\" maxlength=\"400\" class=\"wpcf7-form-control wpcf7-email wpcf7-validates-as-required wpcf7-text wpcf7-validates-as-email\" autocomplete=\"email\" aria-required=\"true\" aria-invalid=\"false\" value=\"\" type=\"email\" name=\"your-email\" \/><\/span> <\/label>\n<\/p>\n<p><label> Your Message<br \/>\n<span class=\"wpcf7-form-control-wrap\" data-name=\"your-message\"><textarea cols=\"40\" rows=\"10\" maxlength=\"2000\" class=\"wpcf7-form-control wpcf7-textarea\" aria-invalid=\"false\" name=\"your-message\"><\/textarea><\/span> <\/label>\n<\/p>\n<p><span class=\"wpcf7-form-control-wrap\" data-name=\"acceptance-120\"><span class=\"wpcf7-form-control wpcf7-acceptance optional\"><span class=\"wpcf7-list-item\"><label><input type=\"checkbox\" name=\"acceptance-120\" value=\"1\" aria-invalid=\"false\" \/><span class=\"wpcf7-list-item-label\">I have read and accept the <a href=\"https:\/\/taigawise.fi\/en\/privacy-policy\">privacy policy<\/a><\/span><\/label><\/span><\/span><\/span>\n<\/p>\n<p><input class=\"wpcf7-form-control wpcf7-submit has-spinner\" type=\"submit\" value=\"SEND\" \/>\n<\/p><div class=\"wpcf7-response-output\" aria-hidden=\"true\"><\/div>\n<\/form>\n<\/div>\n\n<\/div><\/div>\n\n<\/div><\/div>\n\n\n<p><\/p>\n","protected":false},"excerpt":{"rendered":"<p>Contact Us Sustainable business begins with us Would you like to discuss how to get started with sustainability work or understand what corporate responsibility means for your organisation? You can book a time directly in the calendar of our lead expert, Hanna Liappis. Together, we can assess your situation and see how our sustainability services &#8230; <a title=\"Contact Us\" class=\"read-more\" href=\"https:\/\/taigawise.fi\/en\/contact-us\/\" aria-label=\"Read more about Contact Us\">Read more<\/a><\/p>\n","protected":false},"author":1,"featured_media":0,"parent":0,"menu_order":0,"comment_status":"closed","ping_status":"closed","template":"","meta":{"_monsterinsights_skip_tracking":false,"_monsterinsights_sitenote_active":false,"_monsterinsights_sitenote_note":"","_monsterinsights_sitenote_category":0,"footnotes":""},"class_list":["post-3107","page","type-page","status-publish"],"yoast_head":"<!-- This site is optimized with the Yoast SEO Premium plugin v27.3 (Yoast SEO v27.4) - https:\/\/yoast.com\/product\/yoast-seo-premium-wordpress\/ -->\n<title>Contact Us - Taigawise<\/title>\n<meta name=\"description\" content=\"Ota yhteytt\u00e4 meihin jos tarvitset apua vastuullisuusasioissa! T\u00e4\u00e4lt\u00e4 l\u00f6yd\u00e4t Taigawisen yhteystiedot.\" \/>\n<meta name=\"robots\" content=\"index, follow, max-snippet:-1, max-image-preview:large, max-video-preview:-1\" \/>\n<link rel=\"canonical\" href=\"https:\/\/taigawise.fi\/en\/contact-us\/\" \/>\n<meta property=\"og:locale\" content=\"en_US\" \/>\n<meta property=\"og:type\" content=\"article\" \/>\n<meta property=\"og:title\" content=\"Contact Us\" \/>\n<meta property=\"og:description\" content=\"Ota yhteytt\u00e4 meihin jos tarvitset apua vastuullisuusasioissa! T\u00e4\u00e4lt\u00e4 l\u00f6yd\u00e4t Taigawisen yhteystiedot.\" \/>\n<meta property=\"og:url\" content=\"https:\/\/taigawise.fi\/en\/contact-us\/\" \/>\n<meta property=\"og:site_name\" content=\"Taigawise\" \/>\n<meta property=\"article:modified_time\" content=\"2026-02-24T09:47:55+00:00\" \/>\n<meta name=\"twitter:card\" content=\"summary_large_image\" \/>\n<meta name=\"twitter:label1\" content=\"Est. reading time\" \/>\n\t<meta name=\"twitter:data1\" content=\"1 minute\" \/>\n<script type=\"application\/ld+json\" class=\"yoast-schema-graph\">{\"@context\":\"https:\\\/\\\/schema.org\",\"@graph\":[{\"@type\":\"WebPage\",\"@id\":\"https:\\\/\\\/taigawise.fi\\\/en\\\/contact-us\\\/\",\"url\":\"https:\\\/\\\/taigawise.fi\\\/en\\\/contact-us\\\/\",\"name\":\"Contact Us - Taigawise\",\"isPartOf\":{\"@id\":\"https:\\\/\\\/taigawise.fi\\\/en\\\/#website\"},\"datePublished\":\"2025-06-03T10:43:55+00:00\",\"dateModified\":\"2026-02-24T09:47:55+00:00\",\"description\":\"Ota yhteytt\u00e4 meihin jos tarvitset apua vastuullisuusasioissa! T\u00e4\u00e4lt\u00e4 l\u00f6yd\u00e4t Taigawisen yhteystiedot.\",\"breadcrumb\":{\"@id\":\"https:\\\/\\\/taigawise.fi\\\/en\\\/contact-us\\\/#breadcrumb\"},\"inLanguage\":\"en-US\",\"potentialAction\":[{\"@type\":\"ReadAction\",\"target\":[\"https:\\\/\\\/taigawise.fi\\\/en\\\/contact-us\\\/\"]}]},{\"@type\":\"BreadcrumbList\",\"@id\":\"https:\\\/\\\/taigawise.fi\\\/en\\\/contact-us\\\/#breadcrumb\",\"itemListElement\":[{\"@type\":\"ListItem\",\"position\":1,\"name\":\"Home\",\"item\":\"https:\\\/\\\/taigawise.fi\\\/en\\\/\"},{\"@type\":\"ListItem\",\"position\":2,\"name\":\"Contact Us\"}]},{\"@type\":\"WebSite\",\"@id\":\"https:\\\/\\\/taigawise.fi\\\/en\\\/#website\",\"url\":\"https:\\\/\\\/taigawise.fi\\\/en\\\/\",\"name\":\"Taigawise Oy\",\"description\":\"\",\"publisher\":{\"@id\":\"https:\\\/\\\/taigawise.fi\\\/en\\\/#organization\"},\"potentialAction\":[{\"@type\":\"SearchAction\",\"target\":{\"@type\":\"EntryPoint\",\"urlTemplate\":\"https:\\\/\\\/taigawise.fi\\\/en\\\/?s={search_term_string}\"},\"query-input\":{\"@type\":\"PropertyValueSpecification\",\"valueRequired\":true,\"valueName\":\"search_term_string\"}}],\"inLanguage\":\"en-US\"},{\"@type\":\"Organization\",\"@id\":\"https:\\\/\\\/taigawise.fi\\\/en\\\/#organization\",\"name\":\"Taigawise Oy\",\"url\":\"https:\\\/\\\/taigawise.fi\\\/en\\\/\",\"logo\":{\"@type\":\"ImageObject\",\"inLanguage\":\"en-US\",\"@id\":\"https:\\\/\\\/taigawise.fi\\\/en\\\/#\\\/schema\\\/logo\\\/image\\\/\",\"url\":\"https:\\\/\\\/taigawise.fi\\\/wp-content\\\/uploads\\\/2025\\\/06\\\/Taigawise_vihrea_RGB.png\",\"contentUrl\":\"https:\\\/\\\/taigawise.fi\\\/wp-content\\\/uploads\\\/2025\\\/06\\\/Taigawise_vihrea_RGB.png\",\"width\":606,\"height\":141,\"caption\":\"Taigawise Oy\"},\"image\":{\"@id\":\"https:\\\/\\\/taigawise.fi\\\/en\\\/#\\\/schema\\\/logo\\\/image\\\/\"}}]}<\/script>\n<!-- \/ Yoast SEO Premium plugin. -->","yoast_head_json":{"title":"Contact Us - Taigawise","description":"Ota yhteytt\u00e4 meihin jos tarvitset apua vastuullisuusasioissa! T\u00e4\u00e4lt\u00e4 l\u00f6yd\u00e4t Taigawisen yhteystiedot.","robots":{"index":"index","follow":"follow","max-snippet":"max-snippet:-1","max-image-preview":"max-image-preview:large","max-video-preview":"max-video-preview:-1"},"canonical":"https:\/\/taigawise.fi\/en\/contact-us\/","og_locale":"en_US","og_type":"article","og_title":"Contact Us","og_description":"Ota yhteytt\u00e4 meihin jos tarvitset apua vastuullisuusasioissa! T\u00e4\u00e4lt\u00e4 l\u00f6yd\u00e4t Taigawisen yhteystiedot.","og_url":"https:\/\/taigawise.fi\/en\/contact-us\/","og_site_name":"Taigawise","article_modified_time":"2026-02-24T09:47:55+00:00","twitter_card":"summary_large_image","twitter_misc":{"Est. reading time":"1 minute"},"schema":{"@context":"https:\/\/schema.org","@graph":[{"@type":"WebPage","@id":"https:\/\/taigawise.fi\/en\/contact-us\/","url":"https:\/\/taigawise.fi\/en\/contact-us\/","name":"Contact Us - Taigawise","isPartOf":{"@id":"https:\/\/taigawise.fi\/en\/#website"},"datePublished":"2025-06-03T10:43:55+00:00","dateModified":"2026-02-24T09:47:55+00:00","description":"Ota yhteytt\u00e4 meihin jos tarvitset apua vastuullisuusasioissa! T\u00e4\u00e4lt\u00e4 l\u00f6yd\u00e4t Taigawisen yhteystiedot.","breadcrumb":{"@id":"https:\/\/taigawise.fi\/en\/contact-us\/#breadcrumb"},"inLanguage":"en-US","potentialAction":[{"@type":"ReadAction","target":["https:\/\/taigawise.fi\/en\/contact-us\/"]}]},{"@type":"BreadcrumbList","@id":"https:\/\/taigawise.fi\/en\/contact-us\/#breadcrumb","itemListElement":[{"@type":"ListItem","position":1,"name":"Home","item":"https:\/\/taigawise.fi\/en\/"},{"@type":"ListItem","position":2,"name":"Contact Us"}]},{"@type":"WebSite","@id":"https:\/\/taigawise.fi\/en\/#website","url":"https:\/\/taigawise.fi\/en\/","name":"Taigawise Oy","description":"","publisher":{"@id":"https:\/\/taigawise.fi\/en\/#organization"},"potentialAction":[{"@type":"SearchAction","target":{"@type":"EntryPoint","urlTemplate":"https:\/\/taigawise.fi\/en\/?s={search_term_string}"},"query-input":{"@type":"PropertyValueSpecification","valueRequired":true,"valueName":"search_term_string"}}],"inLanguage":"en-US"},{"@type":"Organization","@id":"https:\/\/taigawise.fi\/en\/#organization","name":"Taigawise Oy","url":"https:\/\/taigawise.fi\/en\/","logo":{"@type":"ImageObject","inLanguage":"en-US","@id":"https:\/\/taigawise.fi\/en\/#\/schema\/logo\/image\/","url":"https:\/\/taigawise.fi\/wp-content\/uploads\/2025\/06\/Taigawise_vihrea_RGB.png","contentUrl":"https:\/\/taigawise.fi\/wp-content\/uploads\/2025\/06\/Taigawise_vihrea_RGB.png","width":606,"height":141,"caption":"Taigawise Oy"},"image":{"@id":"https:\/\/taigawise.fi\/en\/#\/schema\/logo\/image\/"}}]}},"_links":{"self":[{"href":"https:\/\/taigawise.fi\/en\/wp-json\/wp\/v2\/pages\/3107","targetHints":{"allow":["GET"]}}],"collection":[{"href":"https:\/\/taigawise.fi\/en\/wp-json\/wp\/v2\/pages"}],"about":[{"href":"https:\/\/taigawise.fi\/en\/wp-json\/wp\/v2\/types\/page"}],"author":[{"embeddable":true,"href":"https:\/\/taigawise.fi\/en\/wp-json\/wp\/v2\/users\/1"}],"replies":[{"embeddable":true,"href":"https:\/\/taigawise.fi\/en\/wp-json\/wp\/v2\/comments?post=3107"}],"version-history":[{"count":3,"href":"https:\/\/taigawise.fi\/en\/wp-json\/wp\/v2\/pages\/3107\/revisions"}],"predecessor-version":[{"id":3132,"href":"https:\/\/taigawise.fi\/en\/wp-json\/wp\/v2\/pages\/3107\/revisions\/3132"}],"wp:attachment":[{"href":"https:\/\/taigawise.fi\/en\/wp-json\/wp\/v2\/media?parent=3107"}],"curies":[{"name":"wp","href":"https:\/\/api.w.org\/{rel}","templated":true}]}}